{"id":45,"date":"2026-01-24T13:28:38","date_gmt":"2026-01-24T13:28:38","guid":{"rendered":"https:\/\/agarage.pl\/?page_id=45"},"modified":"2026-02-14T13:31:52","modified_gmt":"2026-02-14T13:31:52","slug":"garage","status":"publish","type":"page","link":"https:\/\/agarage.pl\/","title":{"rendered":"ANDRZEJ GARAGE"},"content":{"rendered":"\n\n\n\n\n\n\n\n\n\n\n\n\n\n\n\n\n\n\n\n\n\n","protected":false},"excerpt":{"rendered":"","protected":false},"author":1,"featured_media":0,"parent":0,"menu_order":0,"comment_status":"closed","ping_status":"closed","template":"blank-canvas","meta":{"footnotes":""},"class_list":["post-45","page","type-page","status-publish","hentry"],"yoast_head":"<!-- This site is optimized with the Yoast SEO plugin v27.4 - https:\/\/yoast.com\/product\/yoast-seo-wordpress\/ -->\n<title>Mechanik samochodowy O\u0142awa - ANDRZEJ G&Oacute;RAK GARAGE - agarage.pl<\/title>\n<meta name=\"description\" content=\"Niezale\u017cny warsztat samochodowy w O\u0142awie. Mechanika, blacharstwo, modyfikacje karoserii. Jedna osoba \u2013 pe\u0142na odpowiedzialno\u015b\u0107.\" \/>\n<meta name=\"robots\" content=\"index, follow, max-snippet:-1, max-video-preview:-1, noimageindex, noarchive\" \/>\n<link rel=\"canonical\" href=\"https:\/\/agarage.pl\/\" \/>\n<meta property=\"og:locale\" content=\"pl_PL\" \/>\n<meta property=\"og:type\" content=\"article\" \/>\n<meta property=\"og:title\" content=\"Mechanik samochodowy O\u0142awa - ANDRZEJ G&Oacute;RAK GARAGE - agarage.pl\" \/>\n<meta property=\"og:description\" content=\"Niezale\u017cny warsztat samochodowy w O\u0142awie. Mechanika, blacharstwo, modyfikacje karoserii. Jedna osoba \u2013 pe\u0142na odpowiedzialno\u015b\u0107.\" \/>\n<meta property=\"og:url\" content=\"https:\/\/agarage.pl\/\" \/>\n<meta property=\"og:site_name\" content=\"ANDRZEJ G&Oacute;RAK GARAGE - agarage.pl\" \/>\n<meta property=\"article:modified_time\" content=\"2026-02-14T13:31:52+00:00\" \/>\n<meta property=\"og:image\" content=\"https:\/\/agarage.pl\/wp-content\/uploads\/2026\/01\/naprawa-zawieszenia-mechanik-olawa.webp\" \/>\n<meta name=\"twitter:card\" content=\"summary_large_image\" \/>\n<meta name=\"twitter:label1\" content=\"Szacowany czas czytania\" \/>\n\t<meta name=\"twitter:data1\" content=\"3 minuty\" \/>\n<script type=\"application\/ld+json\" class=\"yoast-schema-graph\">{\"@context\":\"https:\\\/\\\/schema.org\",\"@graph\":[{\"@type\":\"WebPage\",\"@id\":\"https:\\\/\\\/agarage.pl\\\/\",\"url\":\"https:\\\/\\\/agarage.pl\\\/\",\"name\":\"Mechanik samochodowy O\u0142awa - ANDRZEJ G&Oacute;RAK GARAGE - agarage.pl\",\"isPartOf\":{\"@id\":\"https:\\\/\\\/agarage.pl\\\/#website\"},\"primaryImageOfPage\":{\"@id\":\"https:\\\/\\\/agarage.pl\\\/#primaryimage\"},\"image\":{\"@id\":\"https:\\\/\\\/agarage.pl\\\/#primaryimage\"},\"thumbnailUrl\":\"https:\\\/\\\/agarage.pl\\\/wp-content\\\/uploads\\\/2026\\\/01\\\/naprawa-zawieszenia-mechanik-olawa.webp\",\"datePublished\":\"2026-01-24T13:28:38+00:00\",\"dateModified\":\"2026-02-14T13:31:52+00:00\",\"description\":\"Niezale\u017cny warsztat samochodowy w O\u0142awie. Mechanika, blacharstwo, modyfikacje karoserii. Jedna osoba \u2013 pe\u0142na odpowiedzialno\u015b\u0107.\",\"breadcrumb\":{\"@id\":\"https:\\\/\\\/agarage.pl\\\/#breadcrumb\"},\"inLanguage\":\"pl-PL\",\"potentialAction\":[{\"@type\":\"ReadAction\",\"target\":[\"https:\\\/\\\/agarage.pl\\\/\"]}]},{\"@type\":\"ImageObject\",\"inLanguage\":\"pl-PL\",\"@id\":\"https:\\\/\\\/agarage.pl\\\/#primaryimage\",\"url\":\"https:\\\/\\\/agarage.pl\\\/wp-content\\\/uploads\\\/2026\\\/01\\\/naprawa-zawieszenia-mechanik-olawa.webp\",\"contentUrl\":\"https:\\\/\\\/agarage.pl\\\/wp-content\\\/uploads\\\/2026\\\/01\\\/naprawa-zawieszenia-mechanik-olawa.webp\",\"width\":1440,\"height\":960,\"caption\":\"Kompleksowa kontrola i naprawa zawieszenia w warsztacie samochodowym O\u0142awa.\"},{\"@type\":\"BreadcrumbList\",\"@id\":\"https:\\\/\\\/agarage.pl\\\/#breadcrumb\",\"itemListElement\":[{\"@type\":\"ListItem\",\"position\":1,\"name\":\"Strona g\u0142\u00f3wna\",\"item\":\"https:\\\/\\\/agarage.pl\\\/\"},{\"@type\":\"ListItem\",\"position\":2,\"name\":\"ANDRZEJ GARAGE\"}]},{\"@type\":\"WebSite\",\"@id\":\"https:\\\/\\\/agarage.pl\\\/#website\",\"url\":\"https:\\\/\\\/agarage.pl\\\/\",\"name\":\"ANDRZEJ G\u00d3RAK GARAGE - agarage.pl\",\"description\":\"Tw&oacute;j mechanik z okolicy\",\"potentialAction\":[{\"@type\":\"SearchAction\",\"target\":{\"@type\":\"EntryPoint\",\"urlTemplate\":\"https:\\\/\\\/agarage.pl\\\/?s={search_term_string}\"},\"query-input\":{\"@type\":\"PropertyValueSpecification\",\"valueRequired\":true,\"valueName\":\"search_term_string\"}}],\"inLanguage\":\"pl-PL\"}]}<\/script>\n<!-- \/ Yoast SEO plugin. -->","yoast_head_json":{"title":"Mechanik samochodowy O\u0142awa - ANDRZEJ G&Oacute;RAK GARAGE - agarage.pl","description":"Niezale\u017cny warsztat samochodowy w O\u0142awie. Mechanika, blacharstwo, modyfikacje karoserii. Jedna osoba \u2013 pe\u0142na odpowiedzialno\u015b\u0107.","robots":{"index":"index","follow":"follow","max-snippet":"max-snippet:-1","max-video-preview":"max-video-preview:-1","imageindex":"noimageindex","archive":"noarchive"},"canonical":"https:\/\/agarage.pl\/","og_locale":"pl_PL","og_type":"article","og_title":"Mechanik samochodowy O\u0142awa - ANDRZEJ G&Oacute;RAK GARAGE - agarage.pl","og_description":"Niezale\u017cny warsztat samochodowy w O\u0142awie. Mechanika, blacharstwo, modyfikacje karoserii. Jedna osoba \u2013 pe\u0142na odpowiedzialno\u015b\u0107.","og_url":"https:\/\/agarage.pl\/","og_site_name":"ANDRZEJ G&Oacute;RAK GARAGE - agarage.pl","article_modified_time":"2026-02-14T13:31:52+00:00","og_image":[{"url":"https:\/\/agarage.pl\/wp-content\/uploads\/2026\/01\/naprawa-zawieszenia-mechanik-olawa.webp","type":"","width":"","height":""}],"twitter_card":"summary_large_image","twitter_misc":{"Szacowany czas czytania":"3 minuty"},"schema":{"@context":"https:\/\/schema.org","@graph":[{"@type":"WebPage","@id":"https:\/\/agarage.pl\/","url":"https:\/\/agarage.pl\/","name":"Mechanik samochodowy O\u0142awa - ANDRZEJ G&Oacute;RAK GARAGE - agarage.pl","isPartOf":{"@id":"https:\/\/agarage.pl\/#website"},"primaryImageOfPage":{"@id":"https:\/\/agarage.pl\/#primaryimage"},"image":{"@id":"https:\/\/agarage.pl\/#primaryimage"},"thumbnailUrl":"https:\/\/agarage.pl\/wp-content\/uploads\/2026\/01\/naprawa-zawieszenia-mechanik-olawa.webp","datePublished":"2026-01-24T13:28:38+00:00","dateModified":"2026-02-14T13:31:52+00:00","description":"Niezale\u017cny warsztat samochodowy w O\u0142awie. Mechanika, blacharstwo, modyfikacje karoserii. Jedna osoba \u2013 pe\u0142na odpowiedzialno\u015b\u0107.","breadcrumb":{"@id":"https:\/\/agarage.pl\/#breadcrumb"},"inLanguage":"pl-PL","potentialAction":[{"@type":"ReadAction","target":["https:\/\/agarage.pl\/"]}]},{"@type":"ImageObject","inLanguage":"pl-PL","@id":"https:\/\/agarage.pl\/#primaryimage","url":"https:\/\/agarage.pl\/wp-content\/uploads\/2026\/01\/naprawa-zawieszenia-mechanik-olawa.webp","contentUrl":"https:\/\/agarage.pl\/wp-content\/uploads\/2026\/01\/naprawa-zawieszenia-mechanik-olawa.webp","width":1440,"height":960,"caption":"Kompleksowa kontrola i naprawa zawieszenia w warsztacie samochodowym O\u0142awa."},{"@type":"BreadcrumbList","@id":"https:\/\/agarage.pl\/#breadcrumb","itemListElement":[{"@type":"ListItem","position":1,"name":"Strona g\u0142\u00f3wna","item":"https:\/\/agarage.pl\/"},{"@type":"ListItem","position":2,"name":"ANDRZEJ GARAGE"}]},{"@type":"WebSite","@id":"https:\/\/agarage.pl\/#website","url":"https:\/\/agarage.pl\/","name":"ANDRZEJ G\u00d3RAK GARAGE - agarage.pl","description":"Tw&oacute;j mechanik z okolicy","potentialAction":[{"@type":"SearchAction","target":{"@type":"EntryPoint","urlTemplate":"https:\/\/agarage.pl\/?s={search_term_string}"},"query-input":{"@type":"PropertyValueSpecification","valueRequired":true,"valueName":"search_term_string"}}],"inLanguage":"pl-PL"}]}},"_links":{"self":[{"href":"https:\/\/agarage.pl\/index.php?rest_route=\/wp\/v2\/pages\/45","targetHints":{"allow":["GET"]}}],"collection":[{"href":"https:\/\/agarage.pl\/index.php?rest_route=\/wp\/v2\/pages"}],"about":[{"href":"https:\/\/agarage.pl\/index.php?rest_route=\/wp\/v2\/types\/page"}],"author":[{"embeddable":true,"href":"https:\/\/agarage.pl\/index.php?rest_route=\/wp\/v2\/users\/1"}],"replies":[{"embeddable":true,"href":"https:\/\/agarage.pl\/index.php?rest_route=%2Fwp%2Fv2%2Fcomments&post=45"}],"version-history":[{"count":18,"href":"https:\/\/agarage.pl\/index.php?rest_route=\/wp\/v2\/pages\/45\/revisions"}],"predecessor-version":[{"id":147,"href":"https:\/\/agarage.pl\/index.php?rest_route=\/wp\/v2\/pages\/45\/revisions\/147"}],"wp:attachment":[{"href":"https:\/\/agarage.pl\/index.php?rest_route=%2Fwp%2Fv2%2Fmedia&parent=45"}],"curies":[{"name":"wp","href":"https:\/\/api.w.org\/{rel}","templated":true}]}}